{"id":2912,"date":"2024-10-02T06:21:41","date_gmt":"2024-10-02T06:21:41","guid":{"rendered":"https:\/\/learning.stay-erasmus.eu\/informes-nacionales"},"modified":"2025-04-02T06:15:08","modified_gmt":"2025-04-02T06:15:08","slug":"informes-nacionales","status":"publish","type":"page","link":"https:\/\/learning.stay-erasmus.eu\/es\/informes-nacionales","title":{"rendered":"Informes nacionales"},"content":{"rendered":"\t\t<div data-elementor-type=\"wp-page\" data-elementor-id=\"2912\" class=\"elementor elementor-2912 elementor-2502\" data-elementor-post-type=\"page\">\n\t\t\t\t<div data-dce-background-image-url=\"http:\/\/learning.stay-erasmus.eu\/wp-content\/uploads\/2024\/04\/CS-PT03_12_Lavoeira-1-and-2-houses-scaled.jpg\" class=\"elementor-element elementor-element-7bf7854 e-flex e-con-boxed e-con e-parent\" data-id=\"7bf7854\" data-element_type=\"container\" data-e-type=\"container\" data-settings=\"{&quot;background_background&quot;:&quot;classic&quot;}\">\n\t\t\t\t\t<div class=\"e-con-inner\">\n\t\t\t\t\t<\/div>\n\t\t\t\t<\/div>\n\t\t<div class=\"elementor-element elementor-element-6a2398b e-flex e-con-boxed e-con e-parent\" data-id=\"6a2398b\" data-element_type=\"container\" data-e-type=\"container\" data-settings=\"{&quot;background_background&quot;:&quot;classic&quot;}\">\n\t\t\t\t\t<div class=\"e-con-inner\">\n\t\t\t\t<div class=\"elementor-element elementor-element-a303650 elementor-widget__width-initial elementor-widget elementor-widget-text-editor\" data-id=\"a303650\" data-element_type=\"widget\" data-e-type=\"widget\" data-widget_type=\"text-editor.default\">\n\t\t\t\t<div class=\"elementor-widget-container\">\n\t\t\t\t\t\t\t\t\t<p>Cinco informes nacionales explican la situaci\u00f3n actual del agroturismo y ofrecen proyecciones para el futuro del sector en cinco pa\u00edses europeos (Rep\u00fablica Checa, Italia, Portugal, Eslovenia y Espa\u00f1a).<\/p>\n\t\t\t\t\t\t\t\t<\/div>\n\t\t\t\t<\/div>\n\t\t<div class=\"elementor-element elementor-element-43e25ba e-flex e-con-boxed e-con e-child\" data-id=\"43e25ba\" data-element_type=\"container\" data-e-type=\"container\">\n\t\t\t\t\t<div class=\"e-con-inner\">\n\t\t<div class=\"elementor-element elementor-element-3d7e30d e-con-full e-flex e-con e-child\" data-id=\"3d7e30d\" data-element_type=\"container\" data-e-type=\"container\">\n\t\t\t\t<div class=\"elementor-element elementor-element-f208f31 elementor-widget__width-initial elementor-absolute dce_masking-none elementor-widget elementor-widget-image\" data-id=\"f208f31\" data-element_type=\"widget\" data-e-type=\"widget\" data-settings=\"{&quot;_position&quot;:&quot;absolute&quot;}\" data-widget_type=\"image.default\">\n\t\t\t\t<div class=\"elementor-widget-container\">\n\t\t\t\t\t\t\t\t\t\t\t\t\t\t\t<img fetchpriority=\"high\" decoding=\"async\" width=\"300\" height=\"200\" src=\"https:\/\/learning.stay-erasmus.eu\/wp-content\/uploads\/2024\/10\/Flag_of_the_Czech_Republic.svg-300x200.png\" class=\"attachment-medium size-medium wp-image-2434\" alt=\"\" srcset=\"https:\/\/learning.stay-erasmus.eu\/wp-content\/uploads\/2024\/10\/Flag_of_the_Czech_Republic.svg-300x200.png 300w, https:\/\/learning.stay-erasmus.eu\/wp-content\/uploads\/2024\/10\/Flag_of_the_Czech_Republic.svg-1024x683.png 1024w, https:\/\/learning.stay-erasmus.eu\/wp-content\/uploads\/2024\/10\/Flag_of_the_Czech_Republic.svg-768x512.png 768w, https:\/\/learning.stay-erasmus.eu\/wp-content\/uploads\/2024\/10\/Flag_of_the_Czech_Republic.svg-1536x1024.png 1536w, https:\/\/learning.stay-erasmus.eu\/wp-content\/uploads\/2024\/10\/Flag_of_the_Czech_Republic.svg-2048x1366.png 2048w\" sizes=\"(max-width: 300px) 100vw, 300px\" \/>\t\t\t\t\t\t\t\t\t\t\t\t\t\t\t<\/div>\n\t\t\t\t<\/div>\n\t\t\t\t<div data-dce-background-color=\"#D1F4B9\" class=\"elementor-element elementor-element-0e935d8 elementor-align-justify elementor-widget__width-inherit elementor-widget elementor-widget-button\" data-id=\"0e935d8\" data-element_type=\"widget\" data-e-type=\"widget\" data-widget_type=\"button.default\">\n\t\t\t\t<div class=\"elementor-widget-container\">\n\t\t\t\t\t\t\t\t\t<div class=\"elementor-button-wrapper\">\n\t\t\t\t\t<a class=\"elementor-button elementor-button-link elementor-size-sm\" href=\"https:\/\/stay-erasmus.eu\/stay-nr-czech-republic-en-ok-dm\" target=\"_blank\">\n\t\t\t\t\t\t<span class=\"elementor-button-content-wrapper\">\n\t\t\t\t\t\t\t\t\t<span class=\"elementor-button-text\">Rep\u00fablica Checa<\/span>\n\t\t\t\t\t<\/span>\n\t\t\t\t\t<\/a>\n\t\t\t\t<\/div>\n\t\t\t\t\t\t\t\t<\/div>\n\t\t\t\t<\/div>\n\t\t<!-- dce invisible element af7610a -->\t\t<\/div>\n\t\t<div class=\"elementor-element elementor-element-21a0d90 e-con-full e-flex e-con e-child\" data-id=\"21a0d90\" data-element_type=\"container\" data-e-type=\"container\">\n\t\t\t\t<div class=\"elementor-element elementor-element-b454a07 elementor-widget__width-initial elementor-absolute dce_masking-none elementor-widget elementor-widget-image\" data-id=\"b454a07\" data-element_type=\"widget\" data-e-type=\"widget\" data-settings=\"{&quot;_position&quot;:&quot;absolute&quot;}\" data-widget_type=\"image.default\">\n\t\t\t\t<div class=\"elementor-widget-container\">\n\t\t\t\t\t\t\t\t\t\t\t\t\t\t\t<img decoding=\"async\" width=\"300\" height=\"300\" src=\"https:\/\/learning.stay-erasmus.eu\/wp-content\/uploads\/2024\/10\/it-circle-01-300x300.png\" class=\"attachment-medium size-medium wp-image-2448\" alt=\"\" srcset=\"https:\/\/learning.stay-erasmus.eu\/wp-content\/uploads\/2024\/10\/it-circle-01-300x300.png 300w, https:\/\/learning.stay-erasmus.eu\/wp-content\/uploads\/2024\/10\/it-circle-01-150x150.png 150w, https:\/\/learning.stay-erasmus.eu\/wp-content\/uploads\/2024\/10\/it-circle-01.png 500w\" sizes=\"(max-width: 300px) 100vw, 300px\" \/>\t\t\t\t\t\t\t\t\t\t\t\t\t\t\t<\/div>\n\t\t\t\t<\/div>\n\t\t\t\t<div data-dce-background-color=\"#D1F4B9\" class=\"elementor-element elementor-element-35d9a54 elementor-align-justify elementor-widget__width-inherit elementor-widget elementor-widget-button\" data-id=\"35d9a54\" data-element_type=\"widget\" data-e-type=\"widget\" data-widget_type=\"button.default\">\n\t\t\t\t<div class=\"elementor-widget-container\">\n\t\t\t\t\t\t\t\t\t<div class=\"elementor-button-wrapper\">\n\t\t\t\t\t<a class=\"elementor-button elementor-button-link elementor-size-sm\" href=\"https:\/\/stay-erasmus.eu\/stay-nr-italy-en-ok-dm\" target=\"_blank\">\n\t\t\t\t\t\t<span class=\"elementor-button-content-wrapper\">\n\t\t\t\t\t\t\t\t\t<span class=\"elementor-button-text\">Italia<\/span>\n\t\t\t\t\t<\/span>\n\t\t\t\t\t<\/a>\n\t\t\t\t<\/div>\n\t\t\t\t\t\t\t\t<\/div>\n\t\t\t\t<\/div>\n\t\t<!-- dce invisible element d26076a -->\t\t<\/div>\n\t\t<div class=\"elementor-element elementor-element-aece489 e-con-full e-flex e-con e-child\" data-id=\"aece489\" data-element_type=\"container\" data-e-type=\"container\">\n\t\t\t\t<div class=\"elementor-element elementor-element-03b840f elementor-widget__width-initial elementor-absolute dce_masking-none elementor-widget elementor-widget-image\" data-id=\"03b840f\" data-element_type=\"widget\" data-e-type=\"widget\" data-settings=\"{&quot;_position&quot;:&quot;absolute&quot;}\" data-widget_type=\"image.default\">\n\t\t\t\t<div class=\"elementor-widget-container\">\n\t\t\t\t\t\t\t\t\t\t\t\t\t\t\t<img decoding=\"async\" width=\"300\" height=\"300\" src=\"https:\/\/learning.stay-erasmus.eu\/wp-content\/uploads\/2024\/10\/pt-circle-01-300x300.png\" class=\"attachment-medium size-medium wp-image-2462\" alt=\"\" srcset=\"https:\/\/learning.stay-erasmus.eu\/wp-content\/uploads\/2024\/10\/pt-circle-01-300x300.png 300w, https:\/\/learning.stay-erasmus.eu\/wp-content\/uploads\/2024\/10\/pt-circle-01-150x150.png 150w, https:\/\/learning.stay-erasmus.eu\/wp-content\/uploads\/2024\/10\/pt-circle-01.png 500w\" sizes=\"(max-width: 300px) 100vw, 300px\" \/>\t\t\t\t\t\t\t\t\t\t\t\t\t\t\t<\/div>\n\t\t\t\t<\/div>\n\t\t\t\t<div data-dce-background-color=\"#D1F4B9\" class=\"elementor-element elementor-element-3c16cb2 elementor-align-justify elementor-widget__width-inherit elementor-widget elementor-widget-button\" data-id=\"3c16cb2\" data-element_type=\"widget\" data-e-type=\"widget\" data-widget_type=\"button.default\">\n\t\t\t\t<div class=\"elementor-widget-container\">\n\t\t\t\t\t\t\t\t\t<div class=\"elementor-button-wrapper\">\n\t\t\t\t\t<a class=\"elementor-button elementor-button-link elementor-size-sm\" href=\"https:\/\/stay-erasmus.eu\/stay-nr-portugal-en-ok_proofread-lc_v2\" target=\"_blank\">\n\t\t\t\t\t\t<span class=\"elementor-button-content-wrapper\">\n\t\t\t\t\t\t\t\t\t<span class=\"elementor-button-text\">Portugal<\/span>\n\t\t\t\t\t<\/span>\n\t\t\t\t\t<\/a>\n\t\t\t\t<\/div>\n\t\t\t\t\t\t\t\t<\/div>\n\t\t\t\t<\/div>\n\t\t<!-- dce invisible element baa4190 -->\t\t<\/div>\n\t\t<div class=\"elementor-element elementor-element-22801d4 e-con-full e-flex e-con e-child\" data-id=\"22801d4\" data-element_type=\"container\" data-e-type=\"container\">\n\t\t\t\t<div class=\"elementor-element elementor-element-f2aedcd elementor-widget__width-initial elementor-absolute dce_masking-none elementor-widget elementor-widget-image\" data-id=\"f2aedcd\" data-element_type=\"widget\" data-e-type=\"widget\" data-settings=\"{&quot;_position&quot;:&quot;absolute&quot;}\" data-widget_type=\"image.default\">\n\t\t\t\t<div class=\"elementor-widget-container\">\n\t\t\t\t\t\t\t\t\t\t\t\t\t\t\t<img loading=\"lazy\" decoding=\"async\" width=\"300\" height=\"300\" src=\"https:\/\/learning.stay-erasmus.eu\/wp-content\/uploads\/2024\/10\/si-circle-01-300x300.png\" class=\"attachment-medium size-medium wp-image-2476\" alt=\"\" srcset=\"https:\/\/learning.stay-erasmus.eu\/wp-content\/uploads\/2024\/10\/si-circle-01-300x300.png 300w, https:\/\/learning.stay-erasmus.eu\/wp-content\/uploads\/2024\/10\/si-circle-01-150x150.png 150w, https:\/\/learning.stay-erasmus.eu\/wp-content\/uploads\/2024\/10\/si-circle-01.png 500w\" sizes=\"(max-width: 300px) 100vw, 300px\" \/>\t\t\t\t\t\t\t\t\t\t\t\t\t\t\t<\/div>\n\t\t\t\t<\/div>\n\t\t\t\t<div data-dce-background-color=\"#D1F4B9\" class=\"elementor-element elementor-element-5a8b071 elementor-align-justify elementor-widget__width-inherit elementor-widget elementor-widget-button\" data-id=\"5a8b071\" data-element_type=\"widget\" data-e-type=\"widget\" data-widget_type=\"button.default\">\n\t\t\t\t<div class=\"elementor-widget-container\">\n\t\t\t\t\t\t\t\t\t<div class=\"elementor-button-wrapper\">\n\t\t\t\t\t<a class=\"elementor-button elementor-button-link elementor-size-sm\" href=\"https:\/\/stay-erasmus.eu\/stay-nr-slovenia-en-ok-dm\" target=\"_blank\">\n\t\t\t\t\t\t<span class=\"elementor-button-content-wrapper\">\n\t\t\t\t\t\t\t\t\t<span class=\"elementor-button-text\">Eslovenia<\/span>\n\t\t\t\t\t<\/span>\n\t\t\t\t\t<\/a>\n\t\t\t\t<\/div>\n\t\t\t\t\t\t\t\t<\/div>\n\t\t\t\t<\/div>\n\t\t<!-- dce invisible element ab14e40 -->\t\t<\/div>\n\t\t<div class=\"elementor-element elementor-element-3e0eff9 e-con-full e-flex e-con e-child\" data-id=\"3e0eff9\" data-element_type=\"container\" data-e-type=\"container\">\n\t\t\t\t<div class=\"elementor-element elementor-element-49d547b elementor-widget__width-initial elementor-absolute dce_masking-none elementor-widget elementor-widget-image\" data-id=\"49d547b\" data-element_type=\"widget\" data-e-type=\"widget\" data-settings=\"{&quot;_position&quot;:&quot;absolute&quot;}\" data-widget_type=\"image.default\">\n\t\t\t\t<div class=\"elementor-widget-container\">\n\t\t\t\t\t\t\t\t\t\t\t\t\t\t\t<img loading=\"lazy\" decoding=\"async\" width=\"300\" height=\"300\" src=\"https:\/\/learning.stay-erasmus.eu\/wp-content\/uploads\/2024\/10\/spain-1-300x300.png\" class=\"attachment-medium size-medium wp-image-2490\" alt=\"\" srcset=\"https:\/\/learning.stay-erasmus.eu\/wp-content\/uploads\/2024\/10\/spain-1-300x300.png 300w, https:\/\/learning.stay-erasmus.eu\/wp-content\/uploads\/2024\/10\/spain-1-150x150.png 150w, https:\/\/learning.stay-erasmus.eu\/wp-content\/uploads\/2024\/10\/spain-1.png 512w\" sizes=\"(max-width: 300px) 100vw, 300px\" \/>\t\t\t\t\t\t\t\t\t\t\t\t\t\t\t<\/div>\n\t\t\t\t<\/div>\n\t\t\t\t<div data-dce-background-color=\"#D1F4B9\" class=\"elementor-element elementor-element-a4762fa elementor-align-justify elementor-widget__width-inherit elementor-widget elementor-widget-button\" data-id=\"a4762fa\" data-element_type=\"widget\" data-e-type=\"widget\" data-widget_type=\"button.default\">\n\t\t\t\t<div class=\"elementor-widget-container\">\n\t\t\t\t\t\t\t\t\t<div class=\"elementor-button-wrapper\">\n\t\t\t\t\t<a class=\"elementor-button elementor-button-link elementor-size-sm\" href=\"https:\/\/stay-erasmus.eu\/es\/stay_nr-spain_en_final-2\" target=\"_blank\">\n\t\t\t\t\t\t<span class=\"elementor-button-content-wrapper\">\n\t\t\t\t\t\t\t\t\t<span class=\"elementor-button-text\">Espa\u00f1a<\/span>\n\t\t\t\t\t<\/span>\n\t\t\t\t\t<\/a>\n\t\t\t\t<\/div>\n\t\t\t\t\t\t\t\t<\/div>\n\t\t\t\t<\/div>\n\t\t\t\t<div data-dce-title-color=\"#27B262\" class=\"elementor-element elementor-element-c01fd85 elementor-widget elementor-widget-heading\" data-id=\"c01fd85\" data-element_type=\"widget\" data-e-type=\"widget\" data-settings=\"{&quot;enabled_visibility&quot;:&quot;yes&quot;,&quot;dce_visibility_selected&quot;:&quot;yes&quot;}\" data-widget_type=\"heading.default\">\n\t\t\t\t<div class=\"elementor-widget-container\">\n\t\t\t\t\t<h2 class=\"elementor-heading-title elementor-size-default\">(en espa\u00f1ol)<\/h2>\t\t\t\t<\/div>\n\t\t\t\t<\/div>\n\t\t\t\t<\/div>\n\t\t\t\t\t<\/div>\n\t\t\t\t<\/div>\n\t\t\t\t\t<\/div>\n\t\t\t\t<\/div>\n\t\t\t\t<\/div>\n\t\t","protected":false},"excerpt":{"rendered":"<p>Cinco informes nacionales explican la situaci\u00f3n actual del agroturismo y ofrecen proyecciones para el futuro del sector en cinco pa\u00edses europeos (Rep\u00fablica Checa, Italia, Portugal, Eslovenia y Espa\u00f1a). Rep\u00fablica Checa (in czech) Italia (in italian) Portugal (in portuguese) Eslovenia (in slovenian) Espa\u00f1a (en espa\u00f1ol)<\/p>\n","protected":false},"author":1,"featured_media":0,"parent":0,"menu_order":0,"comment_status":"closed","ping_status":"closed","template":"elementor_header_footer","meta":{"_acf_changed":false,"footnotes":""},"class_list":["post-2912","page","type-page","status-publish","hentry"],"acf":[],"_links":{"self":[{"href":"https:\/\/learning.stay-erasmus.eu\/es\/wp-json\/wp\/v2\/pages\/2912","targetHints":{"allow":["GET"]}}],"collection":[{"href":"https:\/\/learning.stay-erasmus.eu\/es\/wp-json\/wp\/v2\/pages"}],"about":[{"href":"https:\/\/learning.stay-erasmus.eu\/es\/wp-json\/wp\/v2\/types\/page"}],"author":[{"embeddable":true,"href":"https:\/\/learning.stay-erasmus.eu\/es\/wp-json\/wp\/v2\/users\/1"}],"replies":[{"embeddable":true,"href":"https:\/\/learning.stay-erasmus.eu\/es\/wp-json\/wp\/v2\/comments?post=2912"}],"version-history":[{"count":7,"href":"https:\/\/learning.stay-erasmus.eu\/es\/wp-json\/wp\/v2\/pages\/2912\/revisions"}],"predecessor-version":[{"id":2931,"href":"https:\/\/learning.stay-erasmus.eu\/es\/wp-json\/wp\/v2\/pages\/2912\/revisions\/2931"}],"wp:attachment":[{"href":"https:\/\/learning.stay-erasmus.eu\/es\/wp-json\/wp\/v2\/media?parent=2912"}],"curies":[{"name":"wp","href":"https:\/\/api.w.org\/{rel}","templated":true}]}}